{"id":55,"date":"2014-09-20T16:15:49","date_gmt":"2014-09-20T14:15:49","guid":{"rendered":"http:\/\/wp.adminus.ch\/?page_id=55"},"modified":"2014-09-20T16:15:49","modified_gmt":"2014-09-20T14:15:49","slug":"tagung-2014","status":"publish","type":"page","link":"https:\/\/www.adminus.ch\/wp\/?page_id=55","title":{"rendered":"Tagung 2014"},"content":{"rendered":"<h1>25. Oktober 2014:\u00a09.30 &#8211; 16.30 Uhr<\/h1>\n<table>\n<tbody>\n<tr>\n<td>\n<h3><a href=\"#Programm\"> Programm<\/a><\/h3>\n<\/td>\n<td><\/td>\n<td style=\"text-align: center;\">\n<h3><a href=\"#Anmeldung\"> Anmeldung<\/a><\/h3>\n<\/td>\n<td style=\"text-align: right;\">\n<h3><a href=\"#Sponsoren\">Sponsoren<\/a><\/h3>\n<\/td>\n<\/tr>\n<\/tbody>\n<\/table>\n<table>\n<tbody>\n<tr>\n<td style=\"vertical-align: top;\"><strong>Ort: HfH Interkantonale \u00a0Schule f\u00fcr Heilp\u00e4dagogik<\/strong><br \/>\n<strong>Schaffhauserstrasse 239, 8050 Z\u00fcrich<\/strong><br \/>\n<strong>Abendprogramm ab 16.31 Uhr<\/strong><br \/>\n<strong><a title=\"Lageplan HfH\" href=\"https:\/\/www.google.ch\/maps\/place\/Interkantonale+Hochschule+f\u00fcr+Heilp\u00e4dagogik+(HfH)\/@47.403404,8.545239,16z\/data=!4m2!3m1!1s0x47900a7e8d905d27:0x8b6409189e654bc6?hl=de\">Lageplan<\/a><\/strong><\/td>\n<td><\/td>\n<td style=\"text-align: right;\"><a title=\"Flyer\" href=\"http:\/\/wp.adminus.ch\/wp-content\/uploads\/2014\/03\/Zur-Sache_Flyer.pdf\" target=\"_blank\"><img loading=\"lazy\" decoding=\"async\" class=\"alignnone wp-image-435\" src=\"http:\/\/wl48www525.webland.ch\/wp\/wp-content\/uploads\/2014\/09\/Zur-Sache11.gif\" alt=\"Zur-Sache\" width=\"150\" height=\"122\" \/><\/a><br \/>\n<a href=\"http:\/\/wp.adminus.ch\/wp-content\/uploads\/2014\/03\/Zur-Sache_Flyer.pdf\">Flyer mit Anmeldetalon<\/a><\/td>\n<\/tr>\n<\/tbody>\n<\/table>\n<p>Die \u00dcberb\u00fcrokratie tarnt sich mit \u00f6konomischen Argumenten, kostet aber Milliarden und vor allem den letzten Nerv. Wenn man sich noch nerven mag. Denn die Flut der elektronischen Formulare, der verlangten Berichte, der zu f\u00fctternden Zeiterfassungssysteme, der monstr\u00f6sen Anleitungen zur neu eingef\u00fchrten Software oder der zu beachtenden Flussdiagramme l\u00e4hmt oft sogar die Wut. Auf der Strecke bleibt das, wof\u00fcr man den eigenen Beruf liebt und gew\u00e4hlt hat.<\/p>\n<ul>\n<li>Welche Logik erschafft diese \u00dcberaministration, von der alle einhellig behaupten, sie h\u00e4tten das nicht gewollt?<\/li>\n<li>Wie k\u00f6nnten wir gemeinsam ein Gegenspiel auf den Platz bringen, das diese Logik stoppt?<\/li>\n<\/ul>\n<p>Einiges liegt bereits vor, das an dieser Tagung vorgestellt und diskutiert werden kann. Mehr aber ist unbeantwortet und offen. Fragen werden im Zentrum stehen, nicht Antworten. Gemeinsam ist Neues zu denken und anzupacken.<br \/>\nUnd: \u00d6ffentlichkeit schaffen und uns als Betroffene wie als Fachpersonen miteinander verbinden. Denn noch schlimmer als die \u00dcberb\u00fcrokratie ist, alleine darin unterzugehen.<a name=\"Programm\"><\/a><\/p>\n<h3>PROGRAMM<\/h3>\n<table>\n<tbody>\n<tr>\n<td>9:30<\/td>\n<td><strong>Begr\u00fcssung<br \/>\n<\/strong>Sina Bardill und Christof Arn<\/td>\n<\/tr>\n<tr>\n<td>9.40<\/td>\n<td>Interaktiver Input:<br \/>\n<a title=\"B\u00fcrokratie hat einen grossen Magen \u2013 eine Ann\u00e4herung\" href=\"http:\/\/wp.adminus.ch\/buerokratie-hat-einen-grossen-magen\/\" target=\"_blank\"><strong>&#8222;Die B\u00fcrokratie hat einen grossen Magen&#8220;<\/strong><\/a><br \/>\nPeter Habl\u00fctzel, langj\u00e4hriger direkter Bundesratsmitarbeiter und Direktor des Eidgen\u00f6ssischen Personalamtes, heute selbst\u00e4ndiger Berater<br \/>\nund<br \/>\n<strong>&#8222;Von der Person zum Personal&#8220;<\/strong><br \/>\nEsther Wydler, Kinderg\u00e4rtnerin<br \/>\nzusammen mit Margrit Dobler, Sozialarbeiterin bei Pro Senectute und Leiterin der Kantonalen Beratungsstelle der Alzheimervereinigung Graub\u00fcnden<br \/>\nund Domenika Schnider,\u00a0Dipl. Pflegefachfrau HF,\u00a0Leiterin Unternehmenseinheit Management in den Psychiatrischen Diensten Graub\u00fcnden<\/td>\n<\/tr>\n<tr>\n<td>10.20<\/td>\n<td><strong>Wirkpause\u00a0mit thematischen Stehbars<\/strong><\/td>\n<\/tr>\n<tr>\n<td>10.50<\/td>\n<td>Referat mit Kurz-Diskussion:<br \/>\n<strong>\u00ab\u00dcberadministration im Gesund\u00adheits\u00adwesen \u2013 Ein Krankheitsbild bei Organisationen und Menschen\u00bb<\/strong><br \/>\nChristof\u00a0Schmitz, Gesch\u00e4ftsf\u00fchrender Gesellschafter des College-M. Berater f\u00fcr Expertenorganisationen<\/td>\n<\/tr>\n<tr>\n<td>11.30<\/td>\n<td><strong>Stimme,<\/strong>\u00a0Linard\u00a0Bardill<br \/>\n<strong>Voten aus dem Plenum<\/strong><br \/>\n<strong>Bildung von Themenclustern und Ad-Hoc-Gruppen<\/strong><\/td>\n<\/tr>\n<tr>\n<td>12.00<\/td>\n<td><strong>Mittagspause<\/strong>\u00a0mit Gelegenheit f\u00fcr Themenrunden, Stehlunch<\/td>\n<\/tr>\n<tr>\n<td>13.15<\/td>\n<td><strong>Workshopserie 1<\/strong><\/p>\n<ul>\n<li>Spital\/Heim<\/li>\n<li>Verwaltung<\/li>\n<li>Volksschule<\/li>\n<li>Zertifizierung<\/li>\n<li>Qualit\u00e4tssicherung<\/li>\n<\/ul>\n<\/td>\n<\/tr>\n<tr>\n<td>14.15<\/td>\n<td>Referat mit Kurz-Diskussion:<br \/>\n<strong>\u00abIm Bildungssystem und anderswo: Warum grassieren Administration, Datenerfassung, Kontrolle?\u00bb<\/strong><br \/>\nMathias Binswanger, Professor f\u00fcr Volkswirtschaftslehre, Autor unter anderem des Buchs \u00abSinnlose Wettbewerbe\u00bb<\/td>\n<\/tr>\n<tr>\n<td>15.00<\/td>\n<td><strong>Workshopserie 2<\/strong><\/p>\n<ul>\n<li>Manifest<\/li>\n<li>Fehlerkultur<\/li>\n<li>Erfahrungsaustausch und Positive Beispiele: Man kann es auch so machen!<\/li>\n<li>Intervision<\/li>\n<\/ul>\n<\/td>\n<\/tr>\n<tr>\n<td>16.00<\/td>\n<td><strong>\u00abUnser Biotop w\u00e4chst \u2013 und was wir dazu beitragen k\u00f6nnen\u00bb<\/strong><br \/>\nMit Ausblick auf das geheime Abendprogramm\u00a0Christof Arn, Ethiker<\/td>\n<\/tr>\n<tr>\n<td>16:30<\/td>\n<td><strong>Ende des offiziellen Teils<\/strong><\/td>\n<\/tr>\n<tr>\n<td>16:31<\/td>\n<td>Beginn des inoffiziellen Abendprogramms mit Bier, Diskussionen, \u2026 bis irgendwann<br \/>\nInformationen dazu auf Anfrage bzw. an der Tagung selbst<\/td>\n<\/tr>\n<\/tbody>\n<\/table>\n<p>\u2014 \u00c4nderungen vorbehalten \u2014<br \/>\n<a name=\"Anmeldung\"><\/a><\/p>\n<h3>ANMELDUNG und AUSK\u00dcNFTE<\/h3>\n<p><a href=\"http:\/\/wp.adminus.ch\/wp-content\/uploads\/2014\/03\/Zur-Sache_Flyer.pdf\">Flyer mit\u00a0Anmeldetalon<\/a><br \/>\noder<br \/>\nE-Mail an: <a title=\"info@adminus.ch\" href=\"mailto:info@adminus.ch\">info@adminus.ch<\/a><\/p>\n<p>W\u00fcnsche und Angebote f\u00fcr zus\u00e4tzliche Workshops k\u00f6nnen jederzeit per Mail und auch noch vor Ort angemeldet werden.<\/p>\n<h3>Tagungskosten:<br \/>\nFr. 120.-, Fr\u00fchbucher bis 31.8.2014: Fr. 95.-, StudentInnen\/Lernende\/RenterInnen: Fr. 75.-<br \/>\nMittags-Stehlunch inbegriffen<\/h3>\n<p>Bitte informieren Sie uns \u00fcber Ihre besonderen Interessen rund um das Thema mit der Anmeldung \u2013 und\/oder klinken Sie sich in die Diskussion zur Tagungsgestaltung ein auf\u00a0<a href=\"http:\/\/www.community.adminus.ch\/\">www.community.adminus.ch<\/a>.<br \/>\nVorbereitungslekt\u00fcre kurz und heftig\u00a0Heft \u00abFormularkrieg\u00bb\u00a0zu beziehen auf\u00a0<a href=\"http:\/\/www.zeitpunkt.ch\/\">www.zeitpunkt.ch<\/a>.<br \/>\nVorbereitungslekt\u00fcre lang und tief\u00a0Buch \u00abLeben im B\u00fcro\u00bb\u00a0zu beziehen im Buchhandel<br \/>\nTagungs-Vordiskussion\u00a0<a href=\"http:\/\/community.adminus.ch\/\">www.community.adminus.ch<\/a><\/p>\n<h3>DRUMHERUM<\/h3>\n<p>Medienpartner\u00a0Zeitpunkt\u00a0<a href=\"http:\/\/www.zeitpunkt.ch\/\" target=\"new\">www.zeitpunkt.ch<\/a><br \/>\nK\u00fcnstlerische Begleitung\u00a0<a href=\"http:\/\/www.bardill.ch\/\">Linard Bardill<\/a><\/p>\n<p><a name=\"Sponsoren\"><\/a><\/p>\n<h3>Sponsoren<\/h3>\n<table>\n<tbody>\n<tr>\n<td colspan=\"2\">Drach\u00e4leon \/ bardill.ch &#8211; Lieder und Geschichten,<br \/>\nLinard Bardill, Cresta, 7412 Scharans, <a title=\"Linard Bardill\" href=\"http:\/\/www.bardill.ch\" target=\"_blank\">www.bardill.ch<\/a><\/td>\n<\/tr>\n<tr>\n<td style=\"vertical-align: top; width: 75%;\">college M, Freiburgstrasse 41, 3010 Bern,<br \/>\n<a title=\"College M\" href=\"http:\/\/www.college-m.ch\" target=\"_blank\">www.college-m.ch<\/a>, T: +41 31 632 30 26, <a href=\"mailto:info@college-m.ch\">info@college-m.ch<\/a><\/td>\n<td><a href=\"http:\/\/wl48www525.webland.ch\/wp\/wp-content\/uploads\/2014\/09\/LOGO_collegeM1.jpg\"><img loading=\"lazy\" decoding=\"async\" src=\"http:\/\/wl48www525.webland.ch\/wp\/wp-content\/uploads\/2014\/09\/LOGO_collegeM1.jpg\" alt=\"LOGO_collegeM\" width=\"63\" height=\"76\" align=\"right\" \/><\/a><\/td>\n<\/tr>\n<tr>\n<td colspan=\"2\">Dr. Sina Bardill, Beratung &amp; Supervision, Sumvitg 37, 7412 Scharans, <a title=\"Gestaltungs-Raum\" href=\"http:\/\/www.gestaltungs-raum.ch\" target=\"_blank\">www.gestaltungs-raum.ch<\/a>, T: +41 81 651 50 43, <a href=\"mailto:bardill@gestaltungs-raum.ch\">bardill@gestaltungs-raum.ch<\/a><\/td>\n<\/tr>\n<tr>\n<td style=\"vertical-align: top; width: 75%;\">isi institut f\u00fcr systemische impulse gmbh, hornbachstrasse 50, 8034 z\u00fcrich, <a title=\"systemische impulse\" href=\"http:\/\/www.systemische-impulse.ch\" target=\"_blank\">www.systemische-impulse.ch<\/a>,<br \/>\nT: +41 44 389 84 30, <a href=\"mailto:info@systemische-impulse.ch\">info@systemische-impulse.ch<\/a><\/td>\n<td><a href=\"http:\/\/wl48www525.webland.ch\/wp\/wp-content\/uploads\/2014\/09\/LOGO_ISI1.png\"><img decoding=\"async\" class=\"alignnone size-medium wp-image-387\" src=\"http:\/\/wl48www525.webland.ch\/wp\/wp-content\/uploads\/2014\/09\/LOGO_ISI1-300x120.png\" alt=\"LOGO_ISI\" \/><\/a><\/td>\n<\/tr>\n<tr>\n<td colspan=\"2\">ethikprojekte &#8211; Postfach 21 &#8211; 7412 Scharans, <a title=\"ethikprojekte\" href=\"http:\/\/www.ethikprojekte.ch\" target=\"_blank\">www.ethikprojekte.ch<\/a>,<br \/>\nT: +41 81 651 50 37, <a href=\"mailto:info@ethikprojekte.ch\">info@ethikprojekte.ch<\/a><\/td>\n<\/tr>\n<tr>\n<td colspan=\"2\">hknoll &#8211; Schulung und Beratung, Eigerstrasse 11, 5453 Remetschwil,<br \/>\n<a title=\"hknoll - Schulung und Beratung\" href=\"http:\/\/www.hknoll.ch\">www.hknoll.ch<\/a>, T: 056 496 06 01, <a href=\"mailto:info@hknoll.ch\">info@hknoll.ch<\/a><\/td>\n<\/tr>\n<\/tbody>\n<\/table>\n","protected":false},"excerpt":{"rendered":"<p>25. Oktober 2014:\u00a09.30 &#8211; 16.30 Uhr Programm Anmeldung Sponsoren Ort: HfH Interkantonale \u00a0Schule f\u00fcr Heilp\u00e4dagogik Schaffhauserstrasse 239, 8050 Z\u00fcrich Abendprogramm ab 16.31 Uhr Lageplan Flyer mit Anmeldetalon Die \u00dcberb\u00fcrokratie tarnt sich mit \u00f6konomischen Argumenten, kostet aber Milliarden und vor allem &hellip; <a href=\"https:\/\/www.adminus.ch\/wp\/?page_id=55\">Weiterlesen <span class=\"meta-nav\">&rarr;<\/span><\/a><\/p>\n","protected":false},"author":1,"featured_media":0,"parent":0,"menu_order":0,"comment_status":"open","ping_status":"open","template":"","meta":{"footnotes":""},"class_list":["post-55","page","type-page","status-publish","hentry"],"_links":{"self":[{"href":"https:\/\/www.adminus.ch\/wp\/index.php?rest_route=\/wp\/v2\/pages\/55","targetHints":{"allow":["GET"]}}],"collection":[{"href":"https:\/\/www.adminus.ch\/wp\/index.php?rest_route=\/wp\/v2\/pages"}],"about":[{"href":"https:\/\/www.adminus.ch\/wp\/index.php?rest_route=\/wp\/v2\/types\/page"}],"author":[{"embeddable":true,"href":"https:\/\/www.adminus.ch\/wp\/index.php?rest_route=\/wp\/v2\/users\/1"}],"replies":[{"embeddable":true,"href":"https:\/\/www.adminus.ch\/wp\/index.php?rest_route=%2Fwp%2Fv2%2Fcomments&post=55"}],"version-history":[{"count":0,"href":"https:\/\/www.adminus.ch\/wp\/index.php?rest_route=\/wp\/v2\/pages\/55\/revisions"}],"wp:attachment":[{"href":"https:\/\/www.adminus.ch\/wp\/index.php?rest_route=%2Fwp%2Fv2%2Fmedia&parent=55"}],"curies":[{"name":"wp","href":"https:\/\/api.w.org\/{rel}","templated":true}]}}