{"id":79,"date":"2014-09-21T22:19:07","date_gmt":"2014-09-21T20:19:07","guid":{"rendered":"http:\/\/wp.adminus.ch\/?page_id=79"},"modified":"2015-03-30T19:26:55","modified_gmt":"2015-03-30T17:26:55","slug":"hintergrund","status":"publish","type":"page","link":"https:\/\/www.adminus.ch\/wp\/?page_id=79","title":{"rendered":"Hintergrund"},"content":{"rendered":"<h2>Grundlagen und Inspirationen\u00a0f\u00fcr WeiterdenkerInnen und Engagierte<\/h2>\n<h3>Christoph Bartmann: Menschen im B\u00fcro. Die sch\u00f6ne neue Welt der Angestellten. Hanser, 2012.<\/h3>\n<p>Bartmann liefert die messerscharfe Analyse zu dem, was in den letzten Jahren mit der Arbeit passiert ist: das Management hat \u00fcberall das Primat \u00fcber die Sache gewonnen. Und dies gehe einher mit der \u201eKolonisierung unserer Arbeitswelt durch Formate, Formatierungen, Formalit\u00e4ten\u201c. Die Buchf\u00fchrung, Kontrolle und Evaluation wurde zur neuen Diktatur im Arbeitsleben. Selber denken und gestalten ist dabei nicht mehr vorgesehen. Und leider sieht Bartmann kaum Licht am Ende des Tunnels. \u00a0\u00a0<a href=\"http:\/\/www.buch.ch\/shop\/bch_start_startseite\/suchartikel\/leben_im_buero\/christoph_bartmann\/ISBN3-446-24372-0\/ID34043355.html?fftrk=1:1:10:10:1&amp;jumpId=964378\" target=\"_new\">bestellen \u2026<\/a><\/p>\n<h3>Mathias Binswanger: Sinnlose Wettbewerbe. Warum wir immer mehr Unsinn produzieren. Herder, 2012.<\/h3>\n<p>Je mehr Wettbewerb \u2013 umso besser! Diese \u00dcberzeugung f\u00fchrt dazu, auch da, wo es keinen Markt gibt, k\u00fcnstliche Wettbewerbe zu inszenieren, um z. B. Wissenschaft, Bildung und Gesundheitswesen auf Effizienz zu trimmen. Dies f\u00fchrt jedoch nicht zu mehr Qualit\u00e4t, sondern zur Produktion von immer mehr Unsinn. Mathias Binswanger zeigt die Absurdit\u00e4ten und fordert zum Umdenken auf. (Buchr\u00fcckentext \u2013 besser kann man dieses empfehlenswerte Buch kaum beschreiben) \u00a0\u00a0<a href=\"http:\/\/www.buch.ch\/shop\/bch_start_startseite\/suggestartikel\/ID32149620.html?sswg=ANY&amp;sq=Sinnlose%20Wettbewerbe\" target=\"_new\">bestellen \u2026<\/a><br \/>\nMathias Binswanger ist Gastreferent an der\u00a0<a title=\"Adminus-Tagung 2014 vom 25. Oktober\" href=\"http:\/\/wp.adminus.ch\/?page_id=55\">Adminustagung vom 25. Oktober 2014.<\/a><\/p>\n<h3>Interessanterweise beklagen sich all die Fachpersonen an der Basis heute kaum noch \u00fcber Arbeitszeiten oder Lohn. Sie beklagen sich dar\u00fcber, dass ihre Organisation sie dabei behindert, gute Arbeit zu leisten.<\/h3>\n<p>Das ist eine grundlegende Ver\u00e4nderung: Wenn ein Spital, eine Schule, eine Verwaltungseinheit den Mitarbeitenden Gelegenheit bietet, gute Arbeit zu leisten, sch\u00e4tzen diese das mehr als Lohnerh\u00f6hungen. Wirkliche Sorgen um die Qualit\u00e4t macht man sich nicht in der F\u00fchrung, sondern \u00abunten\u00bb. \u00abOben\u00bb finden unterdessen Kennzahlen- Qualit\u00e4tsmanagement- und Zertifizierungs-Diskussionen statt. \u00a0\u00a0<a title=\"ungehindert\" href=\"https:\/\/www.adminus.ch\/wp\/?page_id=195\">mehr \u2026<\/a><\/p>\n","protected":false},"excerpt":{"rendered":"<p>Grundlagen und Inspirationen\u00a0f\u00fcr WeiterdenkerInnen und Engagierte Christoph Bartmann: Menschen im B\u00fcro. Die sch\u00f6ne neue Welt der Angestellten. Hanser, 2012. Bartmann liefert die messerscharfe Analyse zu dem, was in den letzten Jahren mit der Arbeit passiert ist: das Management hat \u00fcberall &hellip; <a href=\"https:\/\/www.adminus.ch\/wp\/?page_id=79\">Weiterlesen <span class=\"meta-nav\">&rarr;<\/span><\/a><\/p>\n","protected":false},"author":1,"featured_media":0,"parent":0,"menu_order":0,"comment_status":"closed","ping_status":"closed","template":"","meta":{"footnotes":""},"class_list":["post-79","page","type-page","status-publish","hentry"],"_links":{"self":[{"href":"https:\/\/www.adminus.ch\/wp\/index.php?rest_route=\/wp\/v2\/pages\/79","targetHints":{"allow":["GET"]}}],"collection":[{"href":"https:\/\/www.adminus.ch\/wp\/index.php?rest_route=\/wp\/v2\/pages"}],"about":[{"href":"https:\/\/www.adminus.ch\/wp\/index.php?rest_route=\/wp\/v2\/types\/page"}],"author":[{"embeddable":true,"href":"https:\/\/www.adminus.ch\/wp\/index.php?rest_route=\/wp\/v2\/users\/1"}],"replies":[{"embeddable":true,"href":"https:\/\/www.adminus.ch\/wp\/index.php?rest_route=%2Fwp%2Fv2%2Fcomments&post=79"}],"version-history":[{"count":1,"href":"https:\/\/www.adminus.ch\/wp\/index.php?rest_route=\/wp\/v2\/pages\/79\/revisions"}],"predecessor-version":[{"id":716,"href":"https:\/\/www.adminus.ch\/wp\/index.php?rest_route=\/wp\/v2\/pages\/79\/revisions\/716"}],"wp:attachment":[{"href":"https:\/\/www.adminus.ch\/wp\/index.php?rest_route=%2Fwp%2Fv2%2Fmedia&parent=79"}],"curies":[{"name":"wp","href":"https:\/\/api.w.org\/{rel}","templated":true}]}}